{"id":11,"date":"2024-09-05T08:04:50","date_gmt":"2024-09-05T08:04:50","guid":{"rendered":"https:\/\/amva.ch\/?page_id=11"},"modified":"2025-07-04T19:18:43","modified_gmt":"2025-07-04T19:18:43","slug":"over-ons","status":"publish","type":"page","link":"https:\/\/amva.ch\/?page_id=11","title":{"rendered":"\u00fcber mich"},"content":{"rendered":"\r\n<p><img loading=\"lazy\" decoding=\"async\" class=\"alignnone  wp-image-288\" src=\"https:\/\/amva.ch\/wp-content\/uploads\/2025\/07\/WhatsApp-Bild-2025-07-04-um-13.35.56_2d65ddf4-274x300.jpg\" alt=\"\" width=\"296\" height=\"324\" srcset=\"https:\/\/amva.ch\/wp-content\/uploads\/2025\/07\/WhatsApp-Bild-2025-07-04-um-13.35.56_2d65ddf4-274x300.jpg 274w, https:\/\/amva.ch\/wp-content\/uploads\/2025\/07\/WhatsApp-Bild-2025-07-04-um-13.35.56_2d65ddf4.jpg 547w\" sizes=\"auto, (max-width: 296px) 100vw, 296px\" \/><\/p>\r\n<p>Mein Name ist Monique van Amstel.<br \/>Im Sommer 2019 sind wir wegen des Gesch\u00e4fts meines Mannes in die sch\u00f6ne Schweiz gezogen. Vorher lebten wir in den Niederlanden, wo ich in der Modebranche t\u00e4tig war und unter anderem mein eigenes Unternehmen hatte, in dem ich Produkte aus Europa importierte oder als Agentin vertrat. <br \/>Nach einigen Jahren, in denen ich mich voll und ganz um unsere Kinder gek\u00fcmmert habe, freue ich mich jetzt sehr \u00fcber mein eigenes Unternehmen hier. <br \/>Nun bin ich oft unterwegs durch die Schweiz, um Kunden zu besuchen \u2013 wer weiss, vielleicht kreuzen sich ja unsere Wege. Bis bald!<\/p>\r\n","protected":false},"excerpt":{"rendered":"<p>Mein Name ist Monique van Amstel.Im Sommer 2019 sind wir wegen des Gesch\u00e4fts meines Mannes in die sch\u00f6ne Schweiz gezogen. Vorher lebten wir in den Niederlanden, wo ich in der Modebranche t\u00e4tig war und unter anderem mein eigenes Unternehmen hatte, in dem ich Produkte aus Europa importierte oder als Agentin vertrat. Nach einigen Jahren, in &hellip; <\/p>\n<p class=\"link-more\"><a href=\"https:\/\/amva.ch\/?page_id=11\" class=\"more-link\">Lees verder <span class=\"screen-reader-text\">&#8220;\u00fcber mich&#8221;<\/span><\/a><\/p>\n","protected":false},"author":2,"featured_media":0,"parent":0,"menu_order":0,"comment_status":"closed","ping_status":"closed","template":"","meta":{"footnotes":""},"class_list":["post-11","page","type-page","status-publish","hentry"],"_links":{"self":[{"href":"https:\/\/amva.ch\/index.php?rest_route=\/wp\/v2\/pages\/11","targetHints":{"allow":["GET"]}}],"collection":[{"href":"https:\/\/amva.ch\/index.php?rest_route=\/wp\/v2\/pages"}],"about":[{"href":"https:\/\/amva.ch\/index.php?rest_route=\/wp\/v2\/types\/page"}],"author":[{"embeddable":true,"href":"https:\/\/amva.ch\/index.php?rest_route=\/wp\/v2\/users\/2"}],"replies":[{"embeddable":true,"href":"https:\/\/amva.ch\/index.php?rest_route=%2Fwp%2Fv2%2Fcomments&post=11"}],"version-history":[{"count":21,"href":"https:\/\/amva.ch\/index.php?rest_route=\/wp\/v2\/pages\/11\/revisions"}],"predecessor-version":[{"id":291,"href":"https:\/\/amva.ch\/index.php?rest_route=\/wp\/v2\/pages\/11\/revisions\/291"}],"wp:attachment":[{"href":"https:\/\/amva.ch\/index.php?rest_route=%2Fwp%2Fv2%2Fmedia&parent=11"}],"curies":[{"name":"wp","href":"https:\/\/api.w.org\/{rel}","templated":true}]}}