{"id":180,"date":"2024-12-06T21:32:38","date_gmt":"2024-12-06T21:32:38","guid":{"rendered":"https:\/\/amva.ch\/?page_id=180"},"modified":"2026-02-20T12:07:11","modified_gmt":"2026-02-20T12:07:11","slug":"messe-in-2025","status":"publish","type":"page","link":"https:\/\/amva.ch\/?page_id=180","title":{"rendered":"Messe in 2026"},"content":{"rendered":"<div><\/div>\n<div>\n<p>Ornaris Z\u00fcrich und Bern<\/p>\n<hr \/>\n<\/div>\n<div><\/div>\n<div>Wir haben mit Looplabb f\u00fcr die n\u00e4chsten zwei Jahre einen Stand auf der Ornaris. Wir w\u00fcrden uns freuen, euch in Z\u00fcrich und Bern zu sehen, bis dann!<\/div>\n<div><\/div>\n<div>Next up: BERN | 16. &#8211; 18. AUGUST 2026<\/div>\n<div><\/div>\n<div><img loading=\"lazy\" decoding=\"async\" class=\"wp-image-234 alignleft\" src=\"https:\/\/amva.ch\/wp-content\/uploads\/2025\/06\/WhatsApp-Bild-2025-06-30-um-14.48.15_1f0cb119-300x225.jpg\" alt=\"\" width=\"607\" height=\"455\" srcset=\"https:\/\/amva.ch\/wp-content\/uploads\/2025\/06\/WhatsApp-Bild-2025-06-30-um-14.48.15_1f0cb119-300x225.jpg 300w, https:\/\/amva.ch\/wp-content\/uploads\/2025\/06\/WhatsApp-Bild-2025-06-30-um-14.48.15_1f0cb119-1024x768.jpg 1024w, https:\/\/amva.ch\/wp-content\/uploads\/2025\/06\/WhatsApp-Bild-2025-06-30-um-14.48.15_1f0cb119-768x576.jpg 768w, https:\/\/amva.ch\/wp-content\/uploads\/2025\/06\/WhatsApp-Bild-2025-06-30-um-14.48.15_1f0cb119-1536x1152.jpg 1536w, https:\/\/amva.ch\/wp-content\/uploads\/2025\/06\/WhatsApp-Bild-2025-06-30-um-14.48.15_1f0cb119.jpg 2048w\" sizes=\"auto, (max-width: 607px) 100vw, 607px\" \/><\/div>\n<div><\/div>\n","protected":false},"excerpt":{"rendered":"<p>Ornaris Z\u00fcrich und Bern Wir haben mit Looplabb f\u00fcr die n\u00e4chsten zwei Jahre einen Stand auf der Ornaris. Wir w\u00fcrden uns freuen, euch in Z\u00fcrich und Bern zu sehen, bis dann! Next up: BERN | 16. &#8211; 18. AUGUST 2026<\/p>\n","protected":false},"author":2,"featured_media":0,"parent":0,"menu_order":0,"comment_status":"closed","ping_status":"closed","template":"","meta":{"footnotes":""},"class_list":["post-180","page","type-page","status-publish","hentry"],"_links":{"self":[{"href":"https:\/\/amva.ch\/index.php?rest_route=\/wp\/v2\/pages\/180","targetHints":{"allow":["GET"]}}],"collection":[{"href":"https:\/\/amva.ch\/index.php?rest_route=\/wp\/v2\/pages"}],"about":[{"href":"https:\/\/amva.ch\/index.php?rest_route=\/wp\/v2\/types\/page"}],"author":[{"embeddable":true,"href":"https:\/\/amva.ch\/index.php?rest_route=\/wp\/v2\/users\/2"}],"replies":[{"embeddable":true,"href":"https:\/\/amva.ch\/index.php?rest_route=%2Fwp%2Fv2%2Fcomments&post=180"}],"version-history":[{"count":8,"href":"https:\/\/amva.ch\/index.php?rest_route=\/wp\/v2\/pages\/180\/revisions"}],"predecessor-version":[{"id":442,"href":"https:\/\/amva.ch\/index.php?rest_route=\/wp\/v2\/pages\/180\/revisions\/442"}],"wp:attachment":[{"href":"https:\/\/amva.ch\/index.php?rest_route=%2Fwp%2Fv2%2Fmedia&parent=180"}],"curies":[{"name":"wp","href":"https:\/\/api.w.org\/{rel}","templated":true}]}}