{"id":328,"date":"2025-11-05T13:52:58","date_gmt":"2025-11-05T13:52:58","guid":{"rendered":"https:\/\/amva.ch\/?page_id=328"},"modified":"2025-11-07T12:48:52","modified_gmt":"2025-11-07T12:48:52","slug":"soxs-co","status":"publish","type":"page","link":"https:\/\/amva.ch\/?page_id=328","title":{"rendered":"SOXS.CO"},"content":{"rendered":"<h2 data-start=\"153\" data-end=\"181\">Die Geschichte von SOXS<\/h2>\n<p>Dies ist die Geschichte von SOXS. Sie beginnt vor vielen Jahren mit einer Grossmutter, die, wie Grossm\u00fctter das eben so machen, Socken strickt.\u00a0 Robust, warm und praktisch, f\u00fcr zu Hause auf dem Sofa. Die Oma strickt Socken, und die Enkelkinder tragen sie. Davide und ihre Schwester Soscha tragen die Socken aus Ziegenwolle, bis sie v\u00f6llig abgetragen sind.<\/p>\n<p>Jahre sp\u00e4ter sehen Soscha und ihre Mutter die Socken. Die Socken aus Ziegenwolle von Oma und die Socken von Davide, die kurz zuvor an Krebs verstorben war. In ihren 24 Jahren hat sie ein ganzes Leben gelebt, voller W\u00e4rme und Liebe, trotz ihrer immer kalten F\u00fcssen.<\/p>\n<p>Das ist der Beginn von SOXS. Die Erinnerung, die W\u00e4rme und die Liebe, die Soscha und ihre Mutter empfinden, als sie die Socken zum ersten Mal in die H\u00e4nde nehmen.<\/p>\n<p>Socken mit einer Geschichte sind entstanden, voller W\u00e4rme und Liebe. Und das sp\u00fcrt man, wenn man SOXS aus der Verpackung nimmt und sie sanft \u00fcber die F\u00fcsse streift. Das macht SOXS zu einer Geste der Liebe. Das warme Gef\u00fchl, das man sich selbst schenkt oder weitergibt.<\/p>\n<p>&nbsp;<\/p>\n<hr data-start=\"926\" data-end=\"929\" \/>\n<h2 data-start=\"931\" data-end=\"966\">Produkt- und Markenversprechen<\/h2>\n<p data-start=\"967\" data-end=\"1090\">SOXS fertigt Socken mit dem Anspruch, nicht nur \u00e4usserlich gut auszusehen, sondern auch <strong>hochwertig und nachhaltig<\/strong> zu sein:<\/p>\n<ul data-start=\"1091\" data-end=\"2332\">\n<li data-start=\"1091\" data-end=\"1312\">\n<p data-start=\"1093\" data-end=\"1312\">Die \u00f6kologische Wolle stammt von Schafen in Neuseeland, die unter artgerechten Bedingungen leben und auf tierfreundliche Weise geschoren werden \u2013 selbstverst\u00e4ndlich ohne Mulesing.<\/p>\n<\/li>\n<li data-start=\"1575\" data-end=\"1753\">\n<p data-start=\"1577\" data-end=\"1753\">Die Produktion findet in <strong>Europa<\/strong> statt. Die Fabrik, in der SOXS hergestellt werden, ist GOTS (Global Organic Textile Standards)-zertifiziert. Der letzte Feinschliff, das Labeling und die <strong>Verpackung erfolgen in den Niederlanden<\/strong>. Hier arbeiten Menschen einer Stiftung an einem sozialen Arbeitsplatz, der sich deutlich von normalen Arbeitsbedingungen unterscheidet.<\/p>\n<\/li>\n<li data-start=\"1754\" data-end=\"2057\">\n<p data-start=\"1756\" data-end=\"2057\">SOXS folgt dabei klaren Nachhaltigkeitsstandards: Richtlinien der International Wool Textile Organization (IWTO) f\u00fcr Tierwohl und nachhaltige Wollproduktion sowie <strong>umweltfreundliche Verpackung<\/strong> (z. B. FSC-zertifiziertes Papier) und faire Arbeitsbedingungen.<\/p>\n<\/li>\n<li data-start=\"2058\" data-end=\"2332\">\n<p style=\"text-align: left;\" data-start=\"2060\" data-end=\"2332\">Die Socken sind sehr elastisch, rutschen nicht, regulieren Temperatur und Feuchtigkeit \u2013 sie halten die F\u00fcsse warm im Winter und angenehm im Sommer.<\/p>\n<\/li>\n<\/ul>\n<p style=\"text-align: center;\" data-start=\"2060\" data-end=\"2332\"><em>Wusstest du, dass jede f\u00fcnfte Person (vor allem Frauen) unter schlechter Durchblutung leidet und daher h\u00e4ufig kalte F\u00fcsse hat? Unsere Socken unterst\u00fctzen unter anderem bei:<\/em><\/p>\n<ul data-start=\"1091\" data-end=\"2332\">\n<li data-start=\"2058\" data-end=\"2332\">Schlechter Durchblutung- Kalten F\u00fcssen<\/li>\n<li data-start=\"2058\" data-end=\"2332\">Thrombose oder eingeschr\u00e4nktem Blutfluss<\/li>\n<li data-start=\"2058\" data-end=\"2332\">Unruhigen Beinen<\/li>\n<li data-start=\"2058\" data-end=\"2332\">Neuropathie oder Nervenschmerzen<\/li>\n<li data-start=\"2058\" data-end=\"2332\">Raynaud-Syndrom<\/li>\n<li data-start=\"2058\" data-end=\"2332\">Frostbeulen<\/li>\n<li data-start=\"2058\" data-end=\"2332\">Arthritis, Rheuma<\/li>\n<li data-start=\"2058\" data-end=\"2332\">Erholung nach Krankheit, Operation oder Chemotherapie<img loading=\"lazy\" decoding=\"async\" class=\"wp-image-334 alignright\" src=\"https:\/\/amva.ch\/wp-content\/uploads\/2025\/11\/Screenshot-2025-11-05-135828-232x300.png\" alt=\"\" width=\"274\" height=\"354\" srcset=\"https:\/\/amva.ch\/wp-content\/uploads\/2025\/11\/Screenshot-2025-11-05-135828-232x300.png 232w, https:\/\/amva.ch\/wp-content\/uploads\/2025\/11\/Screenshot-2025-11-05-135828-791x1024.png 791w, https:\/\/amva.ch\/wp-content\/uploads\/2025\/11\/Screenshot-2025-11-05-135828-768x994.png 768w, https:\/\/amva.ch\/wp-content\/uploads\/2025\/11\/Screenshot-2025-11-05-135828.png 876w\" sizes=\"auto, (max-width: 274px) 100vw, 274px\" \/><\/li>\n<\/ul>\n<p><img loading=\"lazy\" decoding=\"async\" class=\"wp-image-335 alignnone\" src=\"https:\/\/amva.ch\/wp-content\/uploads\/2025\/11\/Screenshot-2025-11-05-135916-199x300.png\" alt=\"\" width=\"146\" height=\"220\" srcset=\"https:\/\/amva.ch\/wp-content\/uploads\/2025\/11\/Screenshot-2025-11-05-135916-199x300.png 199w, https:\/\/amva.ch\/wp-content\/uploads\/2025\/11\/Screenshot-2025-11-05-135916-680x1024.png 680w, https:\/\/amva.ch\/wp-content\/uploads\/2025\/11\/Screenshot-2025-11-05-135916-768x1157.png 768w, https:\/\/amva.ch\/wp-content\/uploads\/2025\/11\/Screenshot-2025-11-05-135916.png 810w\" sizes=\"auto, (max-width: 146px) 100vw, 146px\" \/><img loading=\"lazy\" decoding=\"async\" class=\"wp-image-333 alignleft\" src=\"https:\/\/amva.ch\/wp-content\/uploads\/2025\/11\/katoen-300x300.jpg\" alt=\"\" width=\"220\" height=\"220\" srcset=\"https:\/\/amva.ch\/wp-content\/uploads\/2025\/11\/katoen-300x300.jpg 300w, https:\/\/amva.ch\/wp-content\/uploads\/2025\/11\/katoen-150x150.jpg 150w, https:\/\/amva.ch\/wp-content\/uploads\/2025\/11\/katoen-768x768.jpg 768w, https:\/\/amva.ch\/wp-content\/uploads\/2025\/11\/katoen-100x100.jpg 100w, https:\/\/amva.ch\/wp-content\/uploads\/2025\/11\/katoen.jpg 800w\" sizes=\"auto, (max-width: 220px) 100vw, 220px\" \/><\/p>\n<h2 data-start=\"2339\" data-end=\"2373\">Zielgruppen &amp; Einsatzbereiche<\/h2>\n<p data-start=\"2374\" data-end=\"2555\">SOXS richtet sich an <strong>Damen, Herren, Kinder und Babys<\/strong> \u2013 also an die ganze Familie. Ob beim Yoga, Streetwear, zu Hause beim Relaxen, Schlafen oder Alltagsbesch\u00e4ftigungen. Neben die kuscheligen Socken haben wir auch Sport- und Trendsocken aus Wolle und Baumwolle.<\/p>\n<p data-start=\"2558\" data-end=\"2730\">Besonders geeignet sind sie f\u00fcr alle, die oft kalte F\u00fcsse haben, hohe Anspr\u00fcche an Material und Qualit\u00e4t stellen oder nachhaltig und bewusst einkaufen m\u00f6chten. Super geeignet f\u00fcr den Eigengebrauch oder als Geschenk.<\/p>\n<p data-start=\"2558\" data-end=\"2730\"><span style=\"color: #ff00ff;\"><strong>Share love. Share warmth.<\/strong><\/span><\/p>\n<h2 data-start=\"3447\" data-end=\"3463\">Warum SOXS?<\/h2>\n<p data-start=\"3466\" data-end=\"3625\">SOXS sind keine gew\u00f6hnlichen Socken. Wir haben eine hochwertige Wollmischung, eine Kombination aus Qualit\u00e4tswolle und Polyamid. Dies macht die Socken elastischer, robuster und sie <strong>kratzen und jucken nicht<\/strong>. SOXS bleiben \u00fcber Jahre sch\u00f6n, warm, bequem und behalten ihre Form.<\/p>\n<p data-start=\"2733\" data-end=\"2949\">Ein weiterer Aspekt: <strong>Personalisierung<\/strong>. Bei SOXS ist es m\u00f6glich, ab einer bestimmten Anzahl Ihre Socken mit einem Etikett und Farben personalisieren lassen. Damit helfen wir Ihnen gerne weiter.<\/p>\n<p data-start=\"2733\" data-end=\"2949\"><img loading=\"lazy\" decoding=\"async\" class=\"alignnone wp-image-338\" src=\"https:\/\/amva.ch\/wp-content\/uploads\/2025\/11\/Screenshot-2025-11-05-140258-260x300.png\" alt=\"\" width=\"217\" height=\"250\" srcset=\"https:\/\/amva.ch\/wp-content\/uploads\/2025\/11\/Screenshot-2025-11-05-140258-260x300.png 260w, https:\/\/amva.ch\/wp-content\/uploads\/2025\/11\/Screenshot-2025-11-05-140258-889x1024.png 889w, https:\/\/amva.ch\/wp-content\/uploads\/2025\/11\/Screenshot-2025-11-05-140258-768x885.png 768w, https:\/\/amva.ch\/wp-content\/uploads\/2025\/11\/Screenshot-2025-11-05-140258.png 934w\" sizes=\"auto, (max-width: 217px) 100vw, 217px\" \/><img loading=\"lazy\" decoding=\"async\" class=\"wp-image-337 alignleft\" src=\"https:\/\/amva.ch\/wp-content\/uploads\/2025\/11\/Screenshot-2025-11-05-140225-300x226.png\" alt=\"\" width=\"332\" height=\"250\" srcset=\"https:\/\/amva.ch\/wp-content\/uploads\/2025\/11\/Screenshot-2025-11-05-140225-300x226.png 300w, https:\/\/amva.ch\/wp-content\/uploads\/2025\/11\/Screenshot-2025-11-05-140225-1024x771.png 1024w, https:\/\/amva.ch\/wp-content\/uploads\/2025\/11\/Screenshot-2025-11-05-140225-768x579.png 768w, https:\/\/amva.ch\/wp-content\/uploads\/2025\/11\/Screenshot-2025-11-05-140225-1536x1157.png 1536w, https:\/\/amva.ch\/wp-content\/uploads\/2025\/11\/Screenshot-2025-11-05-140225.png 1784w\" sizes=\"auto, (max-width: 332px) 100vw, 332px\" \/><\/p>\n<p>&nbsp;<\/p>\n","protected":false},"excerpt":{"rendered":"<p>Die Geschichte von SOXS Dies ist die Geschichte von SOXS. Sie beginnt vor vielen Jahren mit einer Grossmutter, die, wie Grossm\u00fctter das eben so machen, Socken strickt.\u00a0 Robust, warm und praktisch, f\u00fcr zu Hause auf dem Sofa. Die Oma strickt Socken, und die Enkelkinder tragen sie. Davide und ihre Schwester Soscha tragen die Socken aus &hellip; <\/p>\n<p class=\"link-more\"><a href=\"https:\/\/amva.ch\/?page_id=328\" class=\"more-link\">Lees verder <span class=\"screen-reader-text\">&#8220;SOXS.CO&#8221;<\/span><\/a><\/p>\n","protected":false},"author":4,"featured_media":0,"parent":0,"menu_order":0,"comment_status":"closed","ping_status":"closed","template":"","meta":{"footnotes":""},"class_list":["post-328","page","type-page","status-publish","hentry"],"_links":{"self":[{"href":"https:\/\/amva.ch\/index.php?rest_route=\/wp\/v2\/pages\/328","targetHints":{"allow":["GET"]}}],"collection":[{"href":"https:\/\/amva.ch\/index.php?rest_route=\/wp\/v2\/pages"}],"about":[{"href":"https:\/\/amva.ch\/index.php?rest_route=\/wp\/v2\/types\/page"}],"author":[{"embeddable":true,"href":"https:\/\/amva.ch\/index.php?rest_route=\/wp\/v2\/users\/4"}],"replies":[{"embeddable":true,"href":"https:\/\/amva.ch\/index.php?rest_route=%2Fwp%2Fv2%2Fcomments&post=328"}],"version-history":[{"count":14,"href":"https:\/\/amva.ch\/index.php?rest_route=\/wp\/v2\/pages\/328\/revisions"}],"predecessor-version":[{"id":362,"href":"https:\/\/amva.ch\/index.php?rest_route=\/wp\/v2\/pages\/328\/revisions\/362"}],"wp:attachment":[{"href":"https:\/\/amva.ch\/index.php?rest_route=%2Fwp%2Fv2%2Fmedia&parent=328"}],"curies":[{"name":"wp","href":"https:\/\/api.w.org\/{rel}","templated":true}]}}