{"id":50,"date":"2024-09-08T18:46:05","date_gmt":"2024-09-08T18:46:05","guid":{"rendered":"https:\/\/amva.ch\/?page_id=50"},"modified":"2026-02-10T12:06:54","modified_gmt":"2026-02-10T12:06:54","slug":"looplabb-amsterdam","status":"publish","type":"page","link":"https:\/\/amva.ch\/?page_id=50","title":{"rendered":"Looplabb Amsterdam"},"content":{"rendered":"<p data-wp-editing=\"1\"><img loading=\"lazy\" decoding=\"async\" class=\"wp-image-207 alignleft\" src=\"https:\/\/amva.ch\/wp-content\/uploads\/2025\/01\/Afbeelding-van-WhatsApp-op-2025-01-29-om-10.51.04_d5cecb46-300x296.jpg\" alt=\"\" width=\"243\" height=\"240\" srcset=\"https:\/\/amva.ch\/wp-content\/uploads\/2025\/01\/Afbeelding-van-WhatsApp-op-2025-01-29-om-10.51.04_d5cecb46-300x296.jpg 300w, https:\/\/amva.ch\/wp-content\/uploads\/2025\/01\/Afbeelding-van-WhatsApp-op-2025-01-29-om-10.51.04_d5cecb46-768x757.jpg 768w, https:\/\/amva.ch\/wp-content\/uploads\/2025\/01\/Afbeelding-van-WhatsApp-op-2025-01-29-om-10.51.04_d5cecb46-100x100.jpg 100w, https:\/\/amva.ch\/wp-content\/uploads\/2025\/01\/Afbeelding-van-WhatsApp-op-2025-01-29-om-10.51.04_d5cecb46.jpg 785w\" sizes=\"auto, (max-width: 243px) 100vw, 243px\" \/><\/p>\n<p style=\"text-align: left;\" data-wp-editing=\"1\">Looplabb Amsterdam steht f\u00fcr hochwertige, stilvolle und funktionale Brillen, die Qualit\u00e4t und Design auf moderne Weise verbinden. Als innovatives Eyewear-Label mit \u00fcber 20 Jahren Erfahrung hat sich Looplabb auf optiker-qualitative Lesebrillen und Sonnen-Lesebrillen spezialisiert. Dazu sind noch die Blaulichtbrillen und die Premium Kollektion &#8220;La Dolce Vista&#8221; gekommen. Dabei lautet die klare Mission: die neuesten Entwicklungen im Bereich Optik und Brillenfassung zu nutzen, um trendige und langlebige Brillen f\u00fcr alle anzubieten.<\/p>\n<p data-wp-editing=\"1\">\n<p><img loading=\"lazy\" decoding=\"async\" class=\" wp-image-424 alignright\" src=\"https:\/\/amva.ch\/wp-content\/uploads\/2026\/02\/looplabb-leesbril-jane-200x300.jpg\" alt=\"\" width=\"163\" height=\"245\" srcset=\"https:\/\/amva.ch\/wp-content\/uploads\/2026\/02\/looplabb-leesbril-jane-200x300.jpg 200w, https:\/\/amva.ch\/wp-content\/uploads\/2026\/02\/looplabb-leesbril-jane-682x1024.jpg 682w, https:\/\/amva.ch\/wp-content\/uploads\/2026\/02\/looplabb-leesbril-jane-768x1152.jpg 768w, https:\/\/amva.ch\/wp-content\/uploads\/2026\/02\/looplabb-leesbril-jane.jpg 779w\" sizes=\"auto, (max-width: 163px) 100vw, 163px\" \/>Jedes Modell wird mit grosser Sorgfalt entworfen und von Hand gefertigt. Die Rahmen bestehen aus hochwertigen Materialien mit durchgehend farbget\u00f6ntem Kern, was f\u00fcr best\u00e4ndige Farbe, hohe Robustheit und eine angenehme Haptik sorgt. Verst\u00e4rkte Edelstahl-Schrauben und Federn machen die Brillen widerstandsf\u00e4hig, w\u00e4hrend optiker-qualitative Gl\u00e4ser mit kraztfeste Beschichtung ein klares, kontrastreiches Seherlebnis bieten.<\/p>\n<p>&nbsp;<\/p>\n<p style=\"text-align: left;\" data-wp-editing=\"1\"><img loading=\"lazy\" decoding=\"async\" class=\" wp-image-423 alignleft\" src=\"https:\/\/amva.ch\/wp-content\/uploads\/2026\/02\/Screenshot-2026-02-04-133719-300x194.png\" alt=\"\" width=\"255\" height=\"165\" srcset=\"https:\/\/amva.ch\/wp-content\/uploads\/2026\/02\/Screenshot-2026-02-04-133719-300x194.png 300w, https:\/\/amva.ch\/wp-content\/uploads\/2026\/02\/Screenshot-2026-02-04-133719-1024x662.png 1024w, https:\/\/amva.ch\/wp-content\/uploads\/2026\/02\/Screenshot-2026-02-04-133719-768x497.png 768w, https:\/\/amva.ch\/wp-content\/uploads\/2026\/02\/Screenshot-2026-02-04-133719.png 1274w\" sizes=\"auto, (max-width: 255px) 100vw, 255px\" \/><\/p>\n<p style=\"text-align: left;\" data-wp-editing=\"1\">Looplabb bietet eine breite Auswahl an Stilen und Gr\u00f6ssen f\u00fcr Frauen und M\u00e4nner jeden Alters \u2013 von zeitlosen Klassikern bis hin zu trendigen Modellen in aktuellen Farben und Formen. Die Kollektionen richten sich an alle, die Funktionalit\u00e4t mit pers\u00f6nlichem Stil verbinden m\u00f6chten.<\/p>\n<p data-wp-editing=\"1\">\n<p style=\"text-align: left;\" data-wp-editing=\"1\">Looplabb legt grossen Wert auf Kundenzufriedenheit und Service mit einen 2 Jahren Garantie. Durch freie Auswahl an St\u00e4rken, Farben und Kombinationen findet jeder seine passende Brille \u2013 f\u00fcr Alltag, Arbeit oder Freizeit.<\/p>\n<p data-wp-editing=\"1\"><img loading=\"lazy\" decoding=\"async\" class=\"wp-image-410 aligncenter\" src=\"https:\/\/amva.ch\/wp-content\/uploads\/2026\/01\/ADVIES-Wanneer-300x88.jpg\" alt=\"\" width=\"434\" height=\"127\" srcset=\"https:\/\/amva.ch\/wp-content\/uploads\/2026\/01\/ADVIES-Wanneer-300x88.jpg 300w, https:\/\/amva.ch\/wp-content\/uploads\/2026\/01\/ADVIES-Wanneer-1024x300.jpg 1024w, https:\/\/amva.ch\/wp-content\/uploads\/2026\/01\/ADVIES-Wanneer-768x225.jpg 768w, https:\/\/amva.ch\/wp-content\/uploads\/2026\/01\/ADVIES-Wanneer-1536x450.jpg 1536w, https:\/\/amva.ch\/wp-content\/uploads\/2026\/01\/ADVIES-Wanneer.jpg 2048w\" sizes=\"auto, (max-width: 434px) 100vw, 434px\" \/><\/p>\n<p>Neugierig geworden? Fordern Sie <a href=\"mailto: monique@amva.ch\">eine digitale Brosch\u00fcre<\/a> an oder vereinbaren Sie gleich einen Termin, um die Kollektion pers\u00f6nlich zu entdecken!<\/p>\n","protected":false},"excerpt":{"rendered":"<p>Looplabb Amsterdam steht f\u00fcr hochwertige, stilvolle und funktionale Brillen, die Qualit\u00e4t und Design auf moderne Weise verbinden. Als innovatives Eyewear-Label mit \u00fcber 20 Jahren Erfahrung hat sich Looplabb auf optiker-qualitative Lesebrillen und Sonnen-Lesebrillen spezialisiert. Dazu sind noch die Blaulichtbrillen und die Premium Kollektion &#8220;La Dolce Vista&#8221; gekommen. Dabei lautet die klare Mission: die neuesten Entwicklungen &hellip; <\/p>\n<p class=\"link-more\"><a href=\"https:\/\/amva.ch\/?page_id=50\" class=\"more-link\">Lees verder <span class=\"screen-reader-text\">&#8220;Looplabb Amsterdam&#8221;<\/span><\/a><\/p>\n","protected":false},"author":2,"featured_media":0,"parent":0,"menu_order":0,"comment_status":"closed","ping_status":"closed","template":"","meta":{"footnotes":""},"class_list":["post-50","page","type-page","status-publish","hentry"],"_links":{"self":[{"href":"https:\/\/amva.ch\/index.php?rest_route=\/wp\/v2\/pages\/50","targetHints":{"allow":["GET"]}}],"collection":[{"href":"https:\/\/amva.ch\/index.php?rest_route=\/wp\/v2\/pages"}],"about":[{"href":"https:\/\/amva.ch\/index.php?rest_route=\/wp\/v2\/types\/page"}],"author":[{"embeddable":true,"href":"https:\/\/amva.ch\/index.php?rest_route=\/wp\/v2\/users\/2"}],"replies":[{"embeddable":true,"href":"https:\/\/amva.ch\/index.php?rest_route=%2Fwp%2Fv2%2Fcomments&post=50"}],"version-history":[{"count":19,"href":"https:\/\/amva.ch\/index.php?rest_route=\/wp\/v2\/pages\/50\/revisions"}],"predecessor-version":[{"id":222,"href":"https:\/\/amva.ch\/index.php?rest_route=\/wp\/v2\/pages\/50\/revisions\/222"}],"wp:attachment":[{"href":"https:\/\/amva.ch\/index.php?rest_route=%2Fwp%2Fv2%2Fmedia&parent=50"}],"curies":[{"name":"wp","href":"https:\/\/api.w.org\/{rel}","templated":true}]}}